{"id":5046,"date":"2021-02-03T00:09:04","date_gmt":"2021-02-03T00:09:04","guid":{"rendered":"https:\/\/sia.tecdmx.org.mx\/?page_id=5046"},"modified":"2026-02-10T21:31:17","modified_gmt":"2026-02-10T21:31:17","slug":"coteciad","status":"publish","type":"page","link":"https:\/\/sia.tecdmx.org.mx\/index.php\/coteciad\/","title":{"rendered":""},"content":{"rendered":"\n<h1 class=\"wp-block-heading has-text-align-center has-white-color has-text-color has-background has-link-color wp-elements-42f8fd7533b4e6ee995877e1403d9cd2\" style=\"background:linear-gradient(135deg,rgb(25,72,145) 0%,rgb(10,34,65) 100%);font-size:35px\">C O T E C I A D<\/h1>\n\n\n\n<div style=\"height:23px\" aria-hidden=\"true\" class=\"wp-block-spacer\"><\/div>\n\n\n\n<h3 class=\"wp-block-heading\"><strong>El COMIT\u00c9 T\u00c9CNICO INTERNO DE ADMINISTRACI\u00d3N DE DOCUMENTOS:<\/strong><\/h3>\n\n\n\n<p>Es un grupo interdisciplinario de personas servidoras p\u00fablicas responsables de promover y garantizar la correcta gesti\u00f3n de los documentos y la administraci\u00f3n de archivos con la finalidad de coadyuvar en la valoraci\u00f3n y gesti\u00f3n documental, esta integrado por los titulares de cada \u00e1rea, de la unidad de archivo de tr\u00e1mite, concentraci\u00f3n e hist\u00f3rico y por aquellas personas que por su experiencia y funci\u00f3n dentro del Tribunal se consideren necesarias para promover y garantizar la correcta administraci\u00f3n de documentos.<\/p>\n\n\n\n<div style=\"height:49px\" aria-hidden=\"true\" class=\"wp-block-spacer\"><\/div>\n\n\n\n<div class=\"wp-block-buttons is-layout-flex wp-block-buttons-is-layout-flex\">\n<div class=\"wp-block-button has-custom-width wp-block-button__width-50\"><a class=\"wp-block-button__link has-background no-border-radius wp-element-button\" href=\"http:\/\/sia.tecdmx.org.mx\/index.php\/actas-de-sesiones-por-a~o\/\" style=\"background-color:#194891\">Actas de sesiones por a\u00f1o<\/a><\/div>\n<\/div>\n\n\n\n<div style=\"height:20px\" aria-hidden=\"true\" class=\"wp-block-spacer\"><\/div>\n\n\n\n<div class=\"wp-block-buttons is-layout-flex wp-block-buttons-is-layout-flex\">\n<div class=\"wp-block-button has-custom-width wp-block-button__width-50\"><a class=\"wp-block-button__link has-background no-border-radius wp-element-button\" href=\"https:\/\/sia.tecdmx.org.mx\/wp-content\/uploads\/2026\/02\/CALEND1.pdf\" style=\"background-color:#194891\">Calendario de sesiones<\/a><\/div>\n<\/div>\n\n\n\n<div style=\"height:20px\" aria-hidden=\"true\" class=\"wp-block-spacer\"><\/div>\n\n\n\n<div class=\"wp-block-buttons is-layout-flex wp-block-buttons-is-layout-flex\">\n<div class=\"wp-block-button has-custom-width wp-block-button__width-50\"><a class=\"wp-block-button__link has-background no-border-radius wp-element-button\" href=\"https:\/\/sia.tecdmx.org.mx\/wp-content\/uploads\/2026\/02\/Directorio_COTECIAD_2026.pdf\" style=\"background-color:#194891\">Directorio del COTECIAD<\/a><\/div>\n<\/div>\n\n\n\n<div style=\"height:20px\" aria-hidden=\"true\" class=\"wp-block-spacer\"><\/div>\n\n\n\n<div class=\"wp-block-buttons is-layout-flex wp-block-buttons-is-layout-flex\">\n<div class=\"wp-block-button has-custom-width wp-block-button__width-50\"><a class=\"wp-block-button__link has-background no-border-radius wp-element-button\" href=\"https:\/\/sia.tecdmx.org.mx\/index.php\/bajas-documentales-por-ano\/\" style=\"background-color:#194891\">Bajas documentales por a\u00f1o<\/a><\/div>\n<\/div>\n","protected":false},"excerpt":{"rendered":"<p>C O T E C I A D El COMIT\u00c9 T\u00c9CNICO INTERNO DE ADMINISTRACI\u00d3N DE DOCUMENTOS: Es un grupo interdisciplinario de personas servidoras p\u00fablicas responsables de promover y garantizar la correcta gesti\u00f3n de los documentos y la administraci\u00f3n de archivos con la finalidad de coadyuvar en la valoraci\u00f3n y gesti\u00f3n documental, esta integrado por los [&hellip;]<\/p>\n","protected":false},"author":3,"featured_media":0,"parent":0,"menu_order":0,"comment_status":"closed","ping_status":"closed","template":"","meta":{"_mi_skip_tracking":false,"_exactmetrics_sitenote_active":false,"_exactmetrics_sitenote_note":"","_exactmetrics_sitenote_category":0,"footnotes":""},"_links":{"self":[{"href":"https:\/\/sia.tecdmx.org.mx\/index.php\/wp-json\/wp\/v2\/pages\/5046"}],"collection":[{"href":"https:\/\/sia.tecdmx.org.mx\/index.php\/wp-json\/wp\/v2\/pages"}],"about":[{"href":"https:\/\/sia.tecdmx.org.mx\/index.php\/wp-json\/wp\/v2\/types\/page"}],"author":[{"embeddable":true,"href":"https:\/\/sia.tecdmx.org.mx\/index.php\/wp-json\/wp\/v2\/users\/3"}],"replies":[{"embeddable":true,"href":"https:\/\/sia.tecdmx.org.mx\/index.php\/wp-json\/wp\/v2\/comments?post=5046"}],"version-history":[{"count":36,"href":"https:\/\/sia.tecdmx.org.mx\/index.php\/wp-json\/wp\/v2\/pages\/5046\/revisions"}],"predecessor-version":[{"id":6621,"href":"https:\/\/sia.tecdmx.org.mx\/index.php\/wp-json\/wp\/v2\/pages\/5046\/revisions\/6621"}],"wp:attachment":[{"href":"https:\/\/sia.tecdmx.org.mx\/index.php\/wp-json\/wp\/v2\/media?parent=5046"}],"curies":[{"name":"wp","href":"https:\/\/api.w.org\/{rel}","templated":true}]}}