{"id":5651,"date":"2021-07-15T00:09:59","date_gmt":"2021-07-15T00:09:59","guid":{"rendered":"https:\/\/sia.tecdmx.org.mx\/?page_id=5651"},"modified":"2026-02-10T17:52:23","modified_gmt":"2026-02-10T17:52:23","slug":"eventos","status":"publish","type":"page","link":"https:\/\/sia.tecdmx.org.mx\/index.php\/eventos\/","title":{"rendered":"Eventos"},"content":{"rendered":"\n<h2 class=\"wp-block-heading\">Primera Sesi\u00f3n Ordinaria del COTECIAD 2026<\/h2>\n\n\n\n<div data-wp-interactive=\"\" class=\"wp-block-file\"><object data-wp-bind--hidden=\"!selectors.core.file.hasPdfPreview\" hidden class=\"wp-block-file__embed\" data=\"https:\/\/sia.tecdmx.org.mx\/wp-content\/uploads\/2026\/02\/1a-Sesion-ordinaria-2026.pdf\" type=\"application\/pdf\" style=\"width:100%;height:600px\" aria-label=\"Incrustado de 1a-Sesion-ordinaria-2026.\"><\/object><a id=\"wp-block-file--media-d7cc71f1-36f5-4796-bdfe-00251ea5c947\" href=\"https:\/\/sia.tecdmx.org.mx\/wp-content\/uploads\/2026\/02\/1a-Sesion-ordinaria-2026.pdf\" class=\"mcloud-attachment-6591\">1a-Sesion-ordinaria-2026<\/a><a href=\"https:\/\/sia.tecdmx.org.mx\/wp-content\/uploads\/2026\/02\/1a-Sesion-ordinaria-2026.pdf\" class=\"wp-block-file__button wp-element-button mcloud-attachment-6591\" download aria-describedby=\"wp-block-file--media-d7cc71f1-36f5-4796-bdfe-00251ea5c947\">Descarga<\/a><\/div>\n\n\n\n<div style=\"height:100px\" aria-hidden=\"true\" class=\"wp-block-spacer\"><\/div>\n\n\n\n<h2 class=\"wp-block-heading\">Primera Sesi\u00f3n Ordinaria del COTECIAD 2025<\/h2>\n\n\n\n<div data-wp-interactive=\"\" class=\"wp-block-file\"><object data-wp-bind--hidden=\"!selectors.core.file.hasPdfPreview\" hidden class=\"wp-block-file__embed\" data=\"https:\/\/sia.tecdmx.org.mx\/wp-content\/uploads\/2025\/02\/1a-Sesion-ordinaria-2025.pdf\" type=\"application\/pdf\" style=\"width:100%;height:600px\" aria-label=\"Incrustado de 1a Sesi\u00f3n ordinaria 2025.\"><\/object><a id=\"wp-block-file--media-d7cc71f1-36f5-4796-bdfe-00251ea5c947\" href=\"https:\/\/sia.tecdmx.org.mx\/wp-content\/uploads\/2025\/02\/1a-Sesion-ordinaria-2025.pdf\" class=\"mcloud-attachment-6502\">1a Sesi\u00f3n ordinaria 2025<\/a><a href=\"https:\/\/sia.tecdmx.org.mx\/wp-content\/uploads\/2025\/02\/1a-Sesion-ordinaria-2025.pdf\" class=\"wp-block-file__button wp-element-button mcloud-attachment-6502\" download aria-describedby=\"wp-block-file--media-d7cc71f1-36f5-4796-bdfe-00251ea5c947\">Descarga<\/a><\/div>\n\n\n\n<div style=\"height:100px\" aria-hidden=\"true\" class=\"wp-block-spacer\"><\/div>\n\n\n\n<h2 class=\"wp-block-heading\">Mesa de trabajo: Elaboraci\u00f3n de Inventarios<\/h2>\n\n\n\n<div data-wp-interactive=\"\" class=\"wp-block-file\"><object data-wp-bind--hidden=\"!selectors.core.file.hasPdfPreview\" hidden class=\"wp-block-file__embed\" data=\"https:\/\/sia.tecdmx.org.mx\/wp-content\/uploads\/2025\/02\/Mesas_trabajo_elaboracion_inventarios.pdf\" type=\"application\/pdf\" style=\"width:100%;height:600px\" aria-label=\"Incrustado de Mesas_trabajo_elaboraci\u00f3n_inventarios.\"><\/object><a id=\"wp-block-file--media-1ea4c4ef-94f2-4c42-b6e8-3e0716108ecc\" href=\"https:\/\/sia.tecdmx.org.mx\/wp-content\/uploads\/2025\/02\/Mesas_trabajo_elaboracion_inventarios.pdf\" class=\"mcloud-attachment-6500\">Mesas_trabajo_elaboraci\u00f3n_inventarios<\/a><a href=\"https:\/\/sia.tecdmx.org.mx\/wp-content\/uploads\/2025\/02\/Mesas_trabajo_elaboracion_inventarios.pdf\" class=\"wp-block-file__button wp-element-button mcloud-attachment-6500\" download aria-describedby=\"wp-block-file--media-1ea4c4ef-94f2-4c42-b6e8-3e0716108ecc\">Descarga<\/a><\/div>\n\n\n\n<div style=\"height:100px\" aria-hidden=\"true\" class=\"wp-block-spacer\"><\/div>\n\n\n\n<h2 class=\"wp-block-heading\">Semana Internacional de los Archivos <\/h2>\n\n\n\n<div data-wp-interactive=\"\" class=\"wp-block-file\"><object data-wp-bind--hidden=\"!selectors.core.file.hasPdfPreview\" hidden class=\"wp-block-file__embed\" data=\"https:\/\/sia.tecdmx.org.mx\/wp-content\/uploads\/2025\/02\/SEMANA-INTERNACIONAL-DE-LOS-ARCHIVOS.pdf\" type=\"application\/pdf\" style=\"width:100%;height:600px\" aria-label=\"Incrustado de SEMANA INTERNACIONAL DE LOS ARCHIVOS.\"><\/object><a id=\"wp-block-file--media-7a9af7cc-54e2-4e93-a664-bc7f97379481\" href=\"https:\/\/sia.tecdmx.org.mx\/wp-content\/uploads\/2025\/02\/SEMANA-INTERNACIONAL-DE-LOS-ARCHIVOS.pdf\" class=\"mcloud-attachment-6503\">SEMANA INTERNACIONAL DE LOS ARCHIVOS<\/a><a href=\"https:\/\/sia.tecdmx.org.mx\/wp-content\/uploads\/2025\/02\/SEMANA-INTERNACIONAL-DE-LOS-ARCHIVOS.pdf\" class=\"wp-block-file__button wp-element-button mcloud-attachment-6503\" download aria-describedby=\"wp-block-file--media-7a9af7cc-54e2-4e93-a664-bc7f97379481\">Descarga<\/a><\/div>\n\n\n\n<div style=\"height:100px\" aria-hidden=\"true\" class=\"wp-block-spacer\"><\/div>\n\n\n\n<h2 class=\"wp-block-heading\">Curso: Uso de las herramientas tecnol\u00f3gicas en la gesti\u00f3n documental<\/h2>\n\n\n\n<div data-wp-interactive=\"\" class=\"wp-block-file\"><object data-wp-bind--hidden=\"!selectors.core.file.hasPdfPreview\" hidden class=\"wp-block-file__embed\" data=\"https:\/\/sia.tecdmx.org.mx\/wp-content\/uploads\/2024\/05\/Curso_Uso_herramientas_tecnologicas_gestion_documental.pdf\" type=\"application\/pdf\" style=\"width:100%;height:600px\" aria-label=\"Incrustado de Curso_Uso_herramientas_tecnol\u00f3gicas_gesti\u00f3n_documental.\"><\/object><a id=\"wp-block-file--media-a112f1e5-7d20-4535-bd1c-60da37eb2674\" href=\"https:\/\/sia.tecdmx.org.mx\/wp-content\/uploads\/2024\/05\/Curso_Uso_herramientas_tecnologicas_gestion_documental.pdf\" class=\"mcloud-attachment-6446\">Curso_Uso_herramientas_tecnol\u00f3gicas_gesti\u00f3n_documental<\/a><a href=\"https:\/\/sia.tecdmx.org.mx\/wp-content\/uploads\/2024\/05\/Curso_Uso_herramientas_tecnologicas_gestion_documental.pdf\" class=\"wp-block-file__button wp-element-button mcloud-attachment-6446\" download aria-describedby=\"wp-block-file--media-a112f1e5-7d20-4535-bd1c-60da37eb2674\">Descarga<\/a><\/div>\n\n\n\n<div style=\"height:100px\" aria-hidden=\"true\" class=\"wp-block-spacer\"><\/div>\n\n\n\n<h2 class=\"wp-block-heading\">1\u00aa Sesi\u00f3n Ordinaria del Comit\u00e9 T\u00e9cnico Interno de Administraci\u00f3n de Documentos 2024<\/h2>\n\n\n\n<div data-wp-interactive=\"\" class=\"wp-block-file\"><object data-wp-bind--hidden=\"!selectors.core.file.hasPdfPreview\" hidden class=\"wp-block-file__embed\" data=\"https:\/\/sia.tecdmx.org.mx\/wp-content\/uploads\/2024\/03\/1a-Sesion-ordinaria-2024.pdf\" type=\"application\/pdf\" style=\"width:100%;height:600px\" aria-label=\"Incrustado de 1a Sesi\u00f3n ordinaria 2024.\"><\/object><a id=\"wp-block-file--media-74d509ca-ab1b-4bdc-8570-1ee1888d2688\" href=\"https:\/\/sia.tecdmx.org.mx\/wp-content\/uploads\/2024\/03\/1a-Sesion-ordinaria-2024.pdf\" class=\"mcloud-attachment-6373\">1a Sesi\u00f3n ordinaria 2024<\/a><a href=\"https:\/\/sia.tecdmx.org.mx\/wp-content\/uploads\/2024\/03\/1a-Sesion-ordinaria-2024.pdf\" class=\"wp-block-file__button wp-element-button mcloud-attachment-6373\" download aria-describedby=\"wp-block-file--media-74d509ca-ab1b-4bdc-8570-1ee1888d2688\">Descarga<\/a><\/div>\n\n\n\n<div style=\"height:100px\" aria-hidden=\"true\" class=\"wp-block-spacer\"><\/div>\n\n\n\n<h2 class=\"wp-block-heading\">\u201cLa aplicaci\u00f3n de los Instrumentos Archiv\u00edsticos en la apertura de Expedientes e Inventarios&#8221;<\/h2>\n\n\n\n<div data-wp-interactive=\"\" class=\"wp-block-file\"><object data-wp-bind--hidden=\"!selectors.core.file.hasPdfPreview\" hidden class=\"wp-block-file__embed\" data=\"https:\/\/sia.tecdmx.org.mx\/wp-content\/uploads\/2024\/03\/Curso_2__aplicacion_Instrumentos_Archivisticos_apertura_Expedientes_Inventarios_2023.pdf\" type=\"application\/pdf\" style=\"width:100%;height:504px\" aria-label=\"Incrustado de Curso_2__aplicaci\u00f3n_Instrumentos_Archiv\u00edsticos_apertura_Expedientes_Inventarios_2023.\"><\/object><a id=\"wp-block-file--media-afbd91c6-8cf3-48e7-9200-877b9e3894a7\" href=\"https:\/\/sia.tecdmx.org.mx\/wp-content\/uploads\/2024\/03\/Curso_2__aplicacion_Instrumentos_Archivisticos_apertura_Expedientes_Inventarios_2023.pdf\" class=\"mcloud-attachment-6362\">Curso_2__aplicaci\u00f3n_Instrumentos_Archiv\u00edsticos_apertura_Expedientes_Inventarios_2023<\/a><a href=\"https:\/\/sia.tecdmx.org.mx\/wp-content\/uploads\/2024\/03\/Curso_2__aplicacion_Instrumentos_Archivisticos_apertura_Expedientes_Inventarios_2023.pdf\" class=\"wp-block-file__button wp-element-button mcloud-attachment-6362\" download aria-describedby=\"wp-block-file--media-afbd91c6-8cf3-48e7-9200-877b9e3894a7\">Descarga<\/a><\/div>\n\n\n\n<div style=\"height:100px\" aria-hidden=\"true\" class=\"wp-block-spacer\"><\/div>\n\n\n\n<h2 class=\"wp-block-heading\">\u201cOrganizaci\u00f3n y conservaci\u00f3n de los archivos del TECDMX\u201d<\/h2>\n\n\n\n<div data-wp-interactive=\"\" class=\"wp-block-file\"><object data-wp-bind--hidden=\"!selectors.core.file.hasPdfPreview\" hidden class=\"wp-block-file__embed\" data=\"https:\/\/sia.tecdmx.org.mx\/wp-content\/uploads\/2024\/03\/Curso_1_Organizacion_Conservacion_Archivos_TECDMX_2023.pdf\" type=\"application\/pdf\" style=\"width:100%;height:480px\" aria-label=\"Incrustado de Curso_1_Organizacion_Conservacion_Archivos_TECDMX_2023.\"><\/object><a id=\"wp-block-file--media-49cacd9c-66c2-4b8c-8218-5197b4a50b03\" href=\"https:\/\/sia.tecdmx.org.mx\/wp-content\/uploads\/2024\/03\/Curso_1_Organizacion_Conservacion_Archivos_TECDMX_2023.pdf\" class=\"mcloud-attachment-6361\">Curso_1_Organizacion_Conservacion_Archivos_TECDMX_2023<\/a><a href=\"https:\/\/sia.tecdmx.org.mx\/wp-content\/uploads\/2024\/03\/Curso_1_Organizacion_Conservacion_Archivos_TECDMX_2023.pdf\" class=\"wp-block-file__button wp-element-button mcloud-attachment-6361\" download aria-describedby=\"wp-block-file--media-49cacd9c-66c2-4b8c-8218-5197b4a50b03\">Descarga<\/a><\/div>\n\n\n\n<div style=\"height:100px\" aria-hidden=\"true\" class=\"wp-block-spacer\"><\/div>\n\n\n\n<p>En el marco del &#8220;D\u00eda Internacional de los Archivos&#8221;, personas servidoras p\u00fablicas de este Tribunal, participaron en la Primera Sesi\u00f3n Extraordinaria 2023, misma en la que se revis\u00f3 la clasificaci\u00f3n archiv\u00edstica y baja documental diversa.<\/p>\n\n\n\n<p><a href=\"https:\/\/www.facebook.com\/hashtag\/elarchivoesmemoriahist%C3%B3rica?__eep__=6&amp;__cft__%5b0%5d=AZV3Q2jEQ6taaVKPvvCK-_rtpqu4AelgBA-ggkPFCw6yFHtJC6ESVjmxHDZT2FDZMLR3k8MFqQGDeBOFPTZN4laPB3VSueE4nsIxHr2S2gX5yK4S_09gjgd94YfJj7VLcOfacIHBMoRJVlJc3jJ5GMd_NakC1sIRVWRwZskOnRCrb8KNQF_b42wIqpsI4ZZq8xeU-swpqvp7W13tHREABptX&amp;__tn__=*NK-R\">#ElArchivoEsMemoriaHist\u00f3rica<\/a><\/p>\n\n\n\n<div style=\"height:100px\" aria-hidden=\"true\" class=\"wp-block-spacer\"><\/div>\n\n\n\n<h2 class=\"wp-block-heading\"><strong>Evento 1a Sesi\u00f3n Ordinaria 202<\/strong>3<\/h2>\n\n\n\n<p>El pasado 11 de enero de 2023, se llev\u00f3 a cabo la 1\u00aa Sesi\u00f3n Ordinaria del Comit\u00e9 T\u00e9cnico Interno de Administraci\u00f3n de Documentos, en la que emitieron dict\u00e1menes relativos a baja documental, as\u00ed como la presentaci\u00f3n del Informe de cumplimiento del Programa Anual de Desarrollo Archiv\u00edstico.<\/p>\n\n\n\n<figure class=\"wp-block-gallery has-nested-images columns-default is-cropped wp-block-gallery-1 is-layout-flex wp-block-gallery-is-layout-flex\">\n<figure class=\"wp-block-image size-large\"><img loading=\"lazy\" decoding=\"async\" width=\"690\" height=\"350\" data-id=\"5879\" src=\"https:\/\/sia.tecdmx.org.mx\/wp-content\/uploads\/2023\/02\/Fotografia_so_23-690x350.png\" alt=\"\" class=\"wp-image-5879\" srcset=\"https:\/\/sia.tecdmx.org.mx\/wp-content\/uploads\/2023\/02\/Fotografia_so_23-345x175.png 345w, https:\/\/sia.tecdmx.org.mx\/wp-content\/uploads\/2023\/02\/Fotografia_so_23-690x350.png 690w, https:\/\/sia.tecdmx.org.mx\/wp-content\/uploads\/2023\/02\/Fotografia_so_23-768x389.png 768w, https:\/\/sia.tecdmx.org.mx\/wp-content\/uploads\/2023\/02\/Fotografia_so_23-1536x779.png 1536w, https:\/\/sia.tecdmx.org.mx\/wp-content\/uploads\/2023\/02\/Fotografia_so_23.png 1834w\" sizes=\"(max-width: 690px) 100vw, 690px\" \/><\/figure>\n<\/figure>\n\n\n\n<div style=\"height:100px\" aria-hidden=\"true\" class=\"wp-block-spacer\"><\/div>\n\n\n\n<h2 class=\"wp-block-heading\"><strong>Evento 1a Sesi\u00f3n Ordinaria 2022<\/strong><\/h2>\n\n\n\n<p>Personas servidoras p\u00fablicas del #TECDMX participaron en la 1\u00aa Sesi\u00f3n Ordinaria del Comit\u00e9 T\u00e9cnico Interno de Administraci\u00f3n de Documentos (COTECIAD), en la que se present\u00f3 el informe de cumplimiento del Programa Anual de Desarrollo Archiv\u00edstico 2021.<\/p>\n\n\n\n<figure class=\"wp-block-gallery has-nested-images columns-default is-cropped wp-block-gallery-2 is-layout-flex wp-block-gallery-is-layout-flex\">\n<figure class=\"wp-block-image size-large\"><img loading=\"lazy\" decoding=\"async\" width=\"633\" height=\"350\" data-id=\"5730\" src=\"https:\/\/sia.tecdmx.org.mx\/wp-content\/uploads\/2022\/02\/Evento-1-Sesion-Ordinaria-2022.2-633x350.jpg\" alt=\"\" class=\"wp-image-5730\" srcset=\"https:\/\/sia.tecdmx.org.mx\/wp-content\/uploads\/2022\/02\/Evento-1-Sesion-Ordinaria-2022.2-316x175.jpg 316w, https:\/\/sia.tecdmx.org.mx\/wp-content\/uploads\/2022\/02\/Evento-1-Sesion-Ordinaria-2022.2-633x350.jpg 633w, https:\/\/sia.tecdmx.org.mx\/wp-content\/uploads\/2022\/02\/Evento-1-Sesion-Ordinaria-2022.2-768x425.jpg 768w, https:\/\/sia.tecdmx.org.mx\/wp-content\/uploads\/2022\/02\/Evento-1-Sesion-Ordinaria-2022.2-1536x850.jpg 1536w, https:\/\/sia.tecdmx.org.mx\/wp-content\/uploads\/2022\/02\/Evento-1-Sesion-Ordinaria-2022.2.jpg 1562w\" sizes=\"(max-width: 633px) 100vw, 633px\" \/><\/figure>\n\n\n\n<figure class=\"wp-block-image size-large\"><img loading=\"lazy\" decoding=\"async\" width=\"699\" height=\"350\" data-id=\"5731\" src=\"https:\/\/sia.tecdmx.org.mx\/wp-content\/uploads\/2022\/02\/Evento-1-Sesion-Ordinaria-2022.1-699x350.jpg\" alt=\"\" class=\"wp-image-5731\" srcset=\"https:\/\/sia.tecdmx.org.mx\/wp-content\/uploads\/2022\/02\/Evento-1-Sesion-Ordinaria-2022.1-350x175.jpg 350w, https:\/\/sia.tecdmx.org.mx\/wp-content\/uploads\/2022\/02\/Evento-1-Sesion-Ordinaria-2022.1-699x350.jpg 699w, https:\/\/sia.tecdmx.org.mx\/wp-content\/uploads\/2022\/02\/Evento-1-Sesion-Ordinaria-2022.1-768x384.jpg 768w, https:\/\/sia.tecdmx.org.mx\/wp-content\/uploads\/2022\/02\/Evento-1-Sesion-Ordinaria-2022.1-1536x769.jpg 1536w, https:\/\/sia.tecdmx.org.mx\/wp-content\/uploads\/2022\/02\/Evento-1-Sesion-Ordinaria-2022.1.jpg 1538w\" sizes=\"(max-width: 699px) 100vw, 699px\" \/><\/figure>\n<\/figure>\n\n\n\n<div style=\"height:100px\" aria-hidden=\"true\" class=\"wp-block-spacer\"><\/div>\n\n\n\n<h2 class=\"wp-block-heading\"><strong>CONALITEG<\/strong><\/h2>\n\n\n\n<p>El pasado 28 de enero del presente el Tribunal Electoral de la Ciudad de M\u00e9xico a trav\u00e9s de la Coordinaci\u00f3n de archivo refrenda su compromiso con la protecci\u00f3n y preservaci\u00f3n del medioambiente al donar m\u00e1s de 1.8 toneladas de papel en desuso a la Comisi\u00f3n Nacional de Libros de Texto Gratuitos (CONALITEG).<\/p>\n\n\n\n<figure class=\"wp-block-gallery has-nested-images columns-default is-cropped wp-block-gallery-3 is-layout-flex wp-block-gallery-is-layout-flex\">\n<figure class=\"wp-block-image size-large\"><img loading=\"lazy\" decoding=\"async\" width=\"443\" height=\"350\" data-id=\"5720\" src=\"https:\/\/sia.tecdmx.org.mx\/wp-content\/uploads\/2022\/02\/CONALITEG-2002.1-443x350.png\" alt=\"\" class=\"wp-image-5720\" srcset=\"https:\/\/sia.tecdmx.org.mx\/wp-content\/uploads\/2022\/02\/CONALITEG-2002.1-221x175.png 221w, https:\/\/sia.tecdmx.org.mx\/wp-content\/uploads\/2022\/02\/CONALITEG-2002.1-443x350.png 443w, https:\/\/sia.tecdmx.org.mx\/wp-content\/uploads\/2022\/02\/CONALITEG-2002.1-768x607.png 768w, https:\/\/sia.tecdmx.org.mx\/wp-content\/uploads\/2022\/02\/CONALITEG-2002.1.png 1134w\" sizes=\"(max-width: 443px) 100vw, 443px\" \/><\/figure>\n\n\n\n<figure class=\"wp-block-image size-large\"><img loading=\"lazy\" decoding=\"async\" width=\"405\" height=\"350\" data-id=\"5722\" src=\"https:\/\/sia.tecdmx.org.mx\/wp-content\/uploads\/2022\/02\/CONALITEG-2002.2-405x350.png\" alt=\"\" class=\"wp-image-5722\" srcset=\"https:\/\/sia.tecdmx.org.mx\/wp-content\/uploads\/2022\/02\/CONALITEG-2002.2-202x175.png 202w, https:\/\/sia.tecdmx.org.mx\/wp-content\/uploads\/2022\/02\/CONALITEG-2002.2-405x350.png 405w, https:\/\/sia.tecdmx.org.mx\/wp-content\/uploads\/2022\/02\/CONALITEG-2002.2-768x664.png 768w, https:\/\/sia.tecdmx.org.mx\/wp-content\/uploads\/2022\/02\/CONALITEG-2002.2.png 1032w\" sizes=\"(max-width: 405px) 100vw, 405px\" \/><\/figure>\n<\/figure>\n\n\n\n<div style=\"height:100px\" aria-hidden=\"true\" class=\"wp-block-spacer\"><\/div>\n\n\n\n<h2 class=\"wp-block-heading\"><strong>Nueva Integraci\u00f3n del Comit\u00e9 T\u00e9cnico Interno de Administraci\u00f3n de Documentos<\/strong> <strong>del Tribunal Electoral de la Ciudad de M\u00e9xico<\/strong><\/h2>\n\n\n\n<p><strong>COTECIAD\/TECDMX<\/strong><\/p>\n\n\n\n<p>En la Ciudad de M\u00e9xico, siendo las doce horas con siete minutos del tres de febrero de dos mil veintiuno, se llev\u00f3 a cabo la 1\u00aa Sesi\u00f3n Ordinaria a trav\u00e9s de la Plataforma Institucional Microsoft Teams en la que se declar\u00f3 formalmente la instalaci\u00f3n de la nueva integraci\u00f3n del Comit\u00e9 T\u00e9cnico Interno de Administraci\u00f3n de Documentos del Tribunal Electoral de la Ciudad de M\u00e9xico. En cumplimiento en los art\u00edculos 12, fracci\u00f3n V, 25 y 26 de la Nueva Ley de Archivos de la Ciudad de M\u00e9xico.<\/p>\n\n\n\n<p>Para el #TECDMX es fundamental promover y garantizar la correcta administraci\u00f3n de documentos y la gesti\u00f3n de archivos.<\/p>\n\n\n\n<figure class=\"wp-block-image size-full\"><img loading=\"lazy\" decoding=\"async\" width=\"1766\" height=\"996\" src=\"https:\/\/sia.tecdmx.org.mx\/wp-content\/uploads\/2021\/07\/Captura-de-Pantalla-2021-07-14-a-las-19.08.11.png\" alt=\"\" class=\"wp-image-5652\" srcset=\"https:\/\/sia.tecdmx.org.mx\/wp-content\/uploads\/2021\/07\/Captura-de-Pantalla-2021-07-14-a-las-19.08.11-310x175.png 310w, https:\/\/sia.tecdmx.org.mx\/wp-content\/uploads\/2021\/07\/Captura-de-Pantalla-2021-07-14-a-las-19.08.11-621x350.png 621w, https:\/\/sia.tecdmx.org.mx\/wp-content\/uploads\/2021\/07\/Captura-de-Pantalla-2021-07-14-a-las-19.08.11-768x433.png 768w, https:\/\/sia.tecdmx.org.mx\/wp-content\/uploads\/2021\/07\/Captura-de-Pantalla-2021-07-14-a-las-19.08.11-1536x866.png 1536w, https:\/\/sia.tecdmx.org.mx\/wp-content\/uploads\/2021\/07\/Captura-de-Pantalla-2021-07-14-a-las-19.08.11.png 1766w\" sizes=\"(max-width: 1766px) 100vw, 1766px\" \/><\/figure>\n\n\n\n<div style=\"height:100px\" aria-hidden=\"true\" class=\"wp-block-spacer\"><\/div>\n","protected":false},"excerpt":{"rendered":"<p>Primera Sesi\u00f3n Ordinaria del COTECIAD 2026 Primera Sesi\u00f3n Ordinaria del COTECIAD 2025 Mesa de trabajo: Elaboraci\u00f3n de Inventarios Semana Internacional de los Archivos Curso: Uso de las herramientas tecnol\u00f3gicas en la gesti\u00f3n documental 1\u00aa Sesi\u00f3n Ordinaria del Comit\u00e9 T\u00e9cnico Interno de Administraci\u00f3n de Documentos 2024 \u201cLa aplicaci\u00f3n de los Instrumentos Archiv\u00edsticos en la apertura de [&hellip;]<\/p>\n","protected":false},"author":3,"featured_media":0,"parent":0,"menu_order":0,"comment_status":"closed","ping_status":"closed","template":"","meta":{"_mi_skip_tracking":false,"_exactmetrics_sitenote_active":false,"_exactmetrics_sitenote_note":"","_exactmetrics_sitenote_category":0,"footnotes":""},"_links":{"self":[{"href":"https:\/\/sia.tecdmx.org.mx\/index.php\/wp-json\/wp\/v2\/pages\/5651"}],"collection":[{"href":"https:\/\/sia.tecdmx.org.mx\/index.php\/wp-json\/wp\/v2\/pages"}],"about":[{"href":"https:\/\/sia.tecdmx.org.mx\/index.php\/wp-json\/wp\/v2\/types\/page"}],"author":[{"embeddable":true,"href":"https:\/\/sia.tecdmx.org.mx\/index.php\/wp-json\/wp\/v2\/users\/3"}],"replies":[{"embeddable":true,"href":"https:\/\/sia.tecdmx.org.mx\/index.php\/wp-json\/wp\/v2\/comments?post=5651"}],"version-history":[{"count":21,"href":"https:\/\/sia.tecdmx.org.mx\/index.php\/wp-json\/wp\/v2\/pages\/5651\/revisions"}],"predecessor-version":[{"id":6592,"href":"https:\/\/sia.tecdmx.org.mx\/index.php\/wp-json\/wp\/v2\/pages\/5651\/revisions\/6592"}],"wp:attachment":[{"href":"https:\/\/sia.tecdmx.org.mx\/index.php\/wp-json\/wp\/v2\/media?parent=5651"}],"curies":[{"name":"wp","href":"https:\/\/api.w.org\/{rel}","templated":true}]}}