{"id":6257,"date":"2024-03-06T22:51:15","date_gmt":"2024-03-06T22:51:15","guid":{"rendered":"https:\/\/sia.tecdmx.org.mx\/?page_id=6257"},"modified":"2026-02-10T23:00:08","modified_gmt":"2026-02-10T23:00:08","slug":"marco-normativo","status":"publish","type":"page","link":"https:\/\/sia.tecdmx.org.mx\/index.php\/marco-normativo\/","title":{"rendered":"MARCO NORMATIVO"},"content":{"rendered":"\n<div class=\"wp-block-columns is-layout-flex wp-container-core-columns-layout-1 wp-block-columns-is-layout-flex\">\n<div class=\"wp-block-column is-layout-flow wp-block-column-is-layout-flow\">\n<div class=\"wp-block-buttons is-layout-flex wp-block-buttons-is-layout-flex\">\n<div class=\"wp-block-button has-custom-width wp-block-button__width-100 has-custom-font-size btn-morado has-medium-font-size\"><a class=\"wp-block-button__link has-white-color has-text-color has-background has-link-color wp-element-button\" href=\"https:\/\/transparencia.tecdmx.org.mx\/wp-content\/uploads\/2025\/10\/const_polit.doc\" style=\"background:linear-gradient(120deg,rgb(25,72,145) 0%,rgb(10,34,65) 100%)\">Constituci\u00f3n Pol\u00edtica de los Estados Unidos Mexicanos<\/a><\/div>\n<\/div>\n<\/div>\n\n\n\n<div class=\"wp-block-column is-layout-flow wp-block-column-is-layout-flow\">\n<div class=\"wp-block-buttons is-layout-flex wp-block-buttons-is-layout-flex\">\n<div class=\"wp-block-button has-custom-width wp-block-button__width-100 has-custom-font-size btn-morado has-medium-font-size\"><a class=\"wp-block-button__link has-background wp-element-button\" href=\"https:\/\/transparencia.tecdmx.org.mx\/wp-content\/uploads\/2025\/12\/Const_Politica_CDMX.doc\" style=\"background:linear-gradient(143deg,rgb(25,72,145) 0%,rgb(10,34,65) 100%)\">Constituci\u00f3n Pol\u00edtica de la Ciudad de M\u00e9xico<\/a><\/div>\n<\/div>\n<\/div>\n\n\n\n<div class=\"wp-block-column is-layout-flow wp-block-column-is-layout-flow\">\n<div class=\"wp-block-buttons is-layout-flex wp-block-buttons-is-layout-flex\">\n<div class=\"wp-block-button has-custom-width wp-block-button__width-100 has-custom-font-size btn-morado has-medium-font-size\"><a class=\"wp-block-button__link has-background wp-element-button\" href=\"https:\/\/transparencia.tecdmx.org.mx\/wp-content\/uploads\/archivo\/ley_gen_de_archivos.doc\" style=\"background:linear-gradient(143deg,rgb(25,72,145) 0%,rgb(10,34,65) 100%)\">Ley General de Archivos <\/a><\/div>\n<\/div>\n<\/div>\n<\/div>\n\n\n\n<div style=\"height:32px\" aria-hidden=\"true\" class=\"wp-block-spacer\"><\/div>\n\n\n\n<div class=\"wp-block-columns is-layout-flex wp-container-core-columns-layout-2 wp-block-columns-is-layout-flex\">\n<div class=\"wp-block-column is-layout-flow wp-block-column-is-layout-flow\">\n<div class=\"wp-block-buttons is-layout-flex wp-block-buttons-is-layout-flex\">\n<div class=\"wp-block-button has-custom-width wp-block-button__width-100 has-custom-font-size btn-morado has-medium-font-size\"><a class=\"wp-block-button__link has-background wp-element-button\" href=\"https:\/\/transparencia.tecdmx.org.mx\/wp-content\/uploads\/archivo\/ley_archivos_cdmx.doc\" style=\"background:linear-gradient(143deg,rgb(25,72,145) 0%,rgb(10,34,65) 100%)\">Ley de Archivos de la Ciudad de M\u00e9xico<\/a><\/div>\n<\/div>\n<\/div>\n\n\n\n<div class=\"wp-block-column is-layout-flow wp-block-column-is-layout-flow\">\n<div class=\"wp-block-buttons is-layout-flex wp-block-buttons-is-layout-flex\">\n<div class=\"wp-block-button has-custom-width wp-block-button__width-100 btn-morado\"><a class=\"wp-block-button__link has-background wp-element-button\" href=\"https:\/\/transparencia.tecdmx.org.mx\/wp-content\/uploads\/2025\/04\/ley_transp_cdmx.doc\" style=\"background:linear-gradient(143deg,rgb(25,72,145) 0%,rgb(10,34,65) 100%)\">Ley de Transparencia, Acceso a la Informaci\u00f3n P\u00fablica y Rendici\u00f3n de Cuentas de la Ciudad de M\u00e9xico<\/a><\/div>\n<\/div>\n<\/div>\n\n\n\n<div class=\"wp-block-column is-layout-flow wp-block-column-is-layout-flow\">\n<div class=\"wp-block-buttons is-layout-flex wp-block-buttons-is-layout-flex\">\n<div class=\"wp-block-button has-custom-width wp-block-button__width-100 btn-morado\"><a class=\"wp-block-button__link has-background wp-element-button\" href=\"https:\/\/transparencia.tecdmx.org.mx\/wp-content\/uploads\/archivo\/ley_protec_dat_perso_cdmx.docx\" style=\"background:linear-gradient(143deg,rgb(25,72,145) 0%,rgb(10,34,65) 100%)\">Ley de Protecci\u00f3n de Datos Personales en Posesi\u00f3n de Sujetos Obligados de la Ciudad de M\u00e9xico<\/a><\/div>\n<\/div>\n<\/div>\n<\/div>\n\n\n\n<div style=\"height:32px\" aria-hidden=\"true\" class=\"wp-block-spacer\"><\/div>\n\n\n\n<div class=\"wp-block-columns is-layout-flex wp-container-core-columns-layout-3 wp-block-columns-is-layout-flex\">\n<div class=\"wp-block-column is-layout-flow wp-block-column-is-layout-flow\">\n<div class=\"wp-block-buttons is-layout-flex wp-block-buttons-is-layout-flex\">\n<div class=\"wp-block-button has-custom-width wp-block-button__width-100 has-custom-font-size btn-morado has-medium-font-size\"><a class=\"wp-block-button__link has-background wp-element-button\" href=\"https:\/\/transparencia.tecdmx.org.mx\/wp-content\/uploads\/archivo\/lin_org_conserv_arch.docx\" style=\"background:linear-gradient(143deg,rgb(25,72,145) 0%,rgb(10,34,65) 99%)\">Lineamientos para la Organizaci\u00f3n y Conservaci\u00f3n de Archivos<\/a><\/div>\n<\/div>\n<\/div>\n\n\n\n<div class=\"wp-block-column is-layout-flow wp-block-column-is-layout-flow\">\n<div class=\"wp-block-buttons is-layout-flex wp-block-buttons-is-layout-flex\">\n<div class=\"wp-block-button has-custom-width wp-block-button__width-100 btn-morado\"><a class=\"wp-block-button__link has-background wp-element-button\" href=\"https:\/\/transparencia.tecdmx.org.mx\/wp-content\/uploads\/archivo\/reg_sist_inst_arch_tecdmx.doc\" style=\"background:linear-gradient(143deg,rgb(25,72,145) 0%,rgb(10,34,65) 100%)\">Reglamento del Sistema Institucional de Archivos del Tribunal Electoral de la Ciudad de M\u00e9xico<\/a><\/div>\n<\/div>\n<\/div>\n\n\n\n<div class=\"wp-block-column is-layout-flow wp-block-column-is-layout-flow\">\n<div class=\"wp-block-buttons is-layout-flex wp-block-buttons-is-layout-flex\">\n<div class=\"wp-block-button has-custom-width wp-block-button__width-100 btn-morado\"><a class=\"wp-block-button__link has-background wp-element-button\" href=\"https:\/\/transparencia.tecdmx.org.mx\/wp-content\/uploads\/archivo\/reg_oper_com_tec_int_admon_doctos_tecdmx.doc\" style=\"background:linear-gradient(143deg,rgb(25,72,145) 0%,rgb(10,34,65) 100%)\">Reglamento de Operaci\u00f3n del Comit\u00e9 T\u00e9cnico Interno de Administraci\u00f3n de Documentos del Tribunal Electoral de la Ciudad de M\u00e9xico<\/a><\/div>\n<\/div>\n<\/div>\n<\/div>\n\n\n\n<div style=\"height:32px\" aria-hidden=\"true\" class=\"wp-block-spacer\"><\/div>\n\n\n\n<div class=\"wp-block-columns is-layout-flex wp-container-core-columns-layout-4 wp-block-columns-is-layout-flex\">\n<div class=\"wp-block-column is-layout-flow wp-block-column-is-layout-flow\">\n<div class=\"wp-block-buttons is-layout-flex wp-block-buttons-is-layout-flex\">\n<div class=\"wp-block-button has-custom-width wp-block-button__width-100 has-custom-font-size btn-morado has-medium-font-size\"><a class=\"wp-block-button__link has-background wp-element-button\" href=\"https:\/\/transparencia.tecdmx.org.mx\/wp-content\/uploads\/archivo\/man_ofic_partes_tecdmx.doc\" style=\"background:linear-gradient(143deg,rgb(25,72,145) 1%,rgb(10,34,65) 100%)\">Manual de la Oficial\u00eda de Partes del Tribunal Electoral de la Ciudad de M\u00e9xico<\/a><\/div>\n<\/div>\n<\/div>\n\n\n\n<div class=\"wp-block-column is-layout-flow wp-block-column-is-layout-flow\">\n<div class=\"wp-block-buttons is-layout-flex wp-block-buttons-is-layout-flex\">\n<div class=\"wp-block-button has-custom-width wp-block-button__width-100 has-custom-font-size btn-morado has-medium-font-size\"><a class=\"wp-block-button__link has-background wp-element-button\" href=\"https:\/\/transparencia.tecdmx.org.mx\/wp-content\/uploads\/archivo\/man_arch_jurisd_tecdmx.doc\" style=\"background:linear-gradient(143deg,rgb(25,72,145) 0%,rgb(10,34,65) 100%)\">Manual del Archivo Jurisdiccional del Tribunal Electoral de la Ciudad de M\u00e9xico<\/a><\/div>\n<\/div>\n<\/div>\n\n\n\n<div class=\"wp-block-column is-layout-flow wp-block-column-is-layout-flow\">\n<div class=\"wp-block-buttons is-layout-flex wp-block-buttons-is-layout-flex\">\n<div class=\"wp-block-button has-custom-width wp-block-button__width-100 btn-morado\"><a class=\"wp-block-button__link has-background wp-element-button\" href=\"https:\/\/transparencia.tecdmx.org.mx\/wp-content\/uploads\/archivo\/man_int_ident_exp_sg_tecdmx.doc\" style=\"background:linear-gradient(143deg,rgb(25,72,145) 0%,rgb(10,34,65) 100%)\">Manual para la Integraci\u00f3n e Identificaci\u00f3n de Expedientes de la Secretar\u00eda General del Tribunal Electoral de la Ciudad de M\u00e9xico<\/a><\/div>\n<\/div>\n<\/div>\n<\/div>\n\n\n\n<div style=\"height:32px\" aria-hidden=\"true\" class=\"wp-block-spacer\"><\/div>\n\n\n\n<div class=\"wp-block-columns is-layout-flex wp-container-core-columns-layout-5 wp-block-columns-is-layout-flex\">\n<div class=\"wp-block-column is-layout-flow wp-block-column-is-layout-flow\">\n<div class=\"wp-block-buttons is-layout-flex wp-block-buttons-is-layout-flex\">\n<div class=\"wp-block-button btn-morado\"><a class=\"wp-block-button__link has-background wp-element-button\" href=\"https:\/\/transparencia.tecdmx.org.mx\/wp-content\/uploads\/archivo\/man_proc_mat_docu_archivistica_tecdmx.docx\" style=\"background:linear-gradient(143deg,rgb(25,72,145) 0%,rgb(10,34,65) 100%)\">Manual de Procedimientos Administrativos en Materia Documental y Archiv\u00edstica del Tribunal Electoral de la Ciudad de M\u00e9xico<\/a><\/div>\n<\/div>\n<\/div>\n\n\n\n<div class=\"wp-block-column is-layout-flow wp-block-column-is-layout-flow\">\n<div class=\"wp-block-buttons is-layout-flex wp-block-buttons-is-layout-flex\">\n<div class=\"wp-block-button btn-morado\"><a class=\"wp-block-button__link has-background wp-element-button\" href=\"https:\/\/transparencia.tecdmx.org.mx\/wp-content\/uploads\/archivo\/man_proc_bajas_docu_tecdmx.doc\" style=\"background:linear-gradient(141deg,rgb(25,72,145) 0%,rgb(10,34,65) 100%)\">Manual de Procedimientos Administrativos para el Tr\u00e1mite y Control de Bajas Documentales del Tribunal Electoral de la Ciudad de M\u00e9xico<\/a><\/div>\n<\/div>\n<\/div>\n\n\n\n<div class=\"wp-block-column is-layout-flow wp-block-column-is-layout-flow\">\n<div class=\"wp-block-buttons is-layout-flex wp-block-buttons-is-layout-flex\">\n<div class=\"wp-block-button has-custom-font-size btn-morado has-medium-font-size\"><a class=\"wp-block-button__link has-background wp-element-button\" href=\"https:\/\/transparencia.tecdmx.org.mx\/wp-content\/uploads\/2023\/12\/Cuadro-General-de-Clasificacion-Archivistica.pdf\" style=\"background:linear-gradient(143deg,rgb(25,72,145) 0%,rgb(10,34,65) 100%)\">Cuadro General de Clasificaci\u00f3n Archiv\u00edstica del Tribunal Electoral de la Ciudad de M\u00e9xico<\/a><\/div>\n<\/div>\n<\/div>\n<\/div>\n\n\n\n<div style=\"height:32px\" aria-hidden=\"true\" class=\"wp-block-spacer\"><\/div>\n\n\n\n<div class=\"wp-block-columns is-layout-flex wp-container-core-columns-layout-6 wp-block-columns-is-layout-flex\">\n<div class=\"wp-block-column is-layout-flow wp-block-column-is-layout-flow\">\n<div class=\"wp-block-buttons is-layout-flex wp-block-buttons-is-layout-flex\">\n<div class=\"wp-block-button has-custom-width wp-block-button__width-100 has-custom-font-size btn-morado has-medium-font-size\"><a class=\"wp-block-button__link has-background wp-element-button\" href=\"https:\/\/transparencia.tecdmx.org.mx\/wp-content\/uploads\/2023\/12\/Catalogo-de-Disposicion-Documental.pdf\" style=\"background:linear-gradient(143deg,rgb(25,72,145) 0%,rgb(10,34,65) 100%)\">Cat\u00e1logo de Disposici\u00f3n Documental del Tribunal Electoral de la Ciudad de M\u00e9xico<\/a><\/div>\n<\/div>\n<\/div>\n\n\n\n<div class=\"wp-block-column is-layout-flow wp-block-column-is-layout-flow\">\n<div class=\"wp-block-buttons is-layout-flex wp-block-buttons-is-layout-flex\"><\/div>\n<\/div>\n\n\n\n<div class=\"wp-block-column is-layout-flow wp-block-column-is-layout-flow\">\n<div class=\"wp-block-buttons is-layout-flex wp-block-buttons-is-layout-flex\"><\/div>\n<\/div>\n<\/div>\n","protected":false},"excerpt":{"rendered":"","protected":false},"author":3,"featured_media":0,"parent":0,"menu_order":0,"comment_status":"closed","ping_status":"closed","template":"","meta":{"_mi_skip_tracking":false,"_exactmetrics_sitenote_active":false,"_exactmetrics_sitenote_note":"","_exactmetrics_sitenote_category":0,"footnotes":""},"_links":{"self":[{"href":"https:\/\/sia.tecdmx.org.mx\/index.php\/wp-json\/wp\/v2\/pages\/6257"}],"collection":[{"href":"https:\/\/sia.tecdmx.org.mx\/index.php\/wp-json\/wp\/v2\/pages"}],"about":[{"href":"https:\/\/sia.tecdmx.org.mx\/index.php\/wp-json\/wp\/v2\/types\/page"}],"author":[{"embeddable":true,"href":"https:\/\/sia.tecdmx.org.mx\/index.php\/wp-json\/wp\/v2\/users\/3"}],"replies":[{"embeddable":true,"href":"https:\/\/sia.tecdmx.org.mx\/index.php\/wp-json\/wp\/v2\/comments?post=6257"}],"version-history":[{"count":41,"href":"https:\/\/sia.tecdmx.org.mx\/index.php\/wp-json\/wp\/v2\/pages\/6257\/revisions"}],"predecessor-version":[{"id":6613,"href":"https:\/\/sia.tecdmx.org.mx\/index.php\/wp-json\/wp\/v2\/pages\/6257\/revisions\/6613"}],"wp:attachment":[{"href":"https:\/\/sia.tecdmx.org.mx\/index.php\/wp-json\/wp\/v2\/media?parent=6257"}],"curies":[{"name":"wp","href":"https:\/\/api.w.org\/{rel}","templated":true}]}}